{"id":12,"date":"2020-08-29T01:21:17","date_gmt":"2020-08-28T23:21:17","guid":{"rendered":"https:\/\/www.konstruktiverunfug.ch\/?page_id=12"},"modified":"2020-09-07T22:17:00","modified_gmt":"2020-09-07T20:17:00","slug":"der-tisch","status":"publish","type":"page","link":"https:\/\/www.konstruktiverunfug.ch\/?page_id=12","title":{"rendered":"Tisch"},"content":{"rendered":"<div\n\t\t\t\n\t\t\tclass=\"so-widget-sow-slider so-widget-sow-slider-default-6d39609536fd\"\n\t\t\t\n\t\t>\t\t\t\t<div class=\"sow-slider-base\" style=\"display: none\">\n\t\t\t\t\t<ul\n\t\t\t\t\tclass=\"sow-slider-images\"\n\t\t\t\t\tdata-settings=\"{&quot;pagination&quot;:true,&quot;speed&quot;:800,&quot;timeout&quot;:8000,&quot;paused&quot;:true,&quot;pause_on_hover&quot;:false,&quot;swipe&quot;:true,&quot;nav_always_show_desktop&quot;:&quot;&quot;,&quot;nav_always_show_mobile&quot;:&quot;&quot;,&quot;breakpoint&quot;:&quot;780px&quot;,&quot;unmute&quot;:false,&quot;anchor&quot;:null}\"\n\t\t\t\t\t\t\t\t\t\tdata-anchor-id=\"\"\n\t\t\t\t>\t\t<li class=\"sow-slider-image  sow-slider-image-cover\" style=\"visibility: visible;;background-image: url(https:\/\/www.konstruktiverunfug.ch\/wp-content\/uploads\/2020\/09\/DSC_3835-scaled.jpg)\" >\n\t\t\t\t\t\t<img width=\"2560\" height=\"1707\" src=\"https:\/\/www.konstruktiverunfug.ch\/wp-content\/uploads\/2020\/09\/DSC_3835-scaled.jpg\" class=\"sow-slider-background-image skip-lazy\" alt=\"\" decoding=\"async\" loading=\"eager\" style=\"\" srcset=\"https:\/\/www.konstruktiverunfug.ch\/wp-content\/uploads\/2020\/09\/DSC_3835-scaled.jpg 2560w, https:\/\/www.konstruktiverunfug.ch\/wp-content\/uploads\/2020\/09\/DSC_3835-300x200.jpg 300w, https:\/\/www.konstruktiverunfug.ch\/wp-content\/uploads\/2020\/09\/DSC_3835-1024x683.jpg 1024w, https:\/\/www.konstruktiverunfug.ch\/wp-content\/uploads\/2020\/09\/DSC_3835-768x512.jpg 768w, https:\/\/www.konstruktiverunfug.ch\/wp-content\/uploads\/2020\/09\/DSC_3835-1536x1024.jpg 1536w, https:\/\/www.konstruktiverunfug.ch\/wp-content\/uploads\/2020\/09\/DSC_3835-2048x1365.jpg 2048w, https:\/\/www.konstruktiverunfug.ch\/wp-content\/uploads\/2020\/09\/DSC_3835-272x182.jpg 272w\" sizes=\"(max-width: 2560px) 100vw, 2560px\" \/>\t\t<\/li>\n\t\t\t\t<li class=\"sow-slider-image  sow-slider-image-cover\" style=\"visibility: hidden;;background-image: url(https:\/\/www.konstruktiverunfug.ch\/wp-content\/uploads\/2020\/08\/20191217_150659-scaled.jpg)\" >\n\t\t\t\t\t\t<img width=\"2560\" height=\"1920\" src=\"https:\/\/www.konstruktiverunfug.ch\/wp-content\/uploads\/2020\/08\/20191217_150659-scaled.jpg\" class=\"sow-slider-background-image skip-lazy\" alt=\"\" decoding=\"async\" loading=\"eager\" style=\"\" srcset=\"https:\/\/www.konstruktiverunfug.ch\/wp-content\/uploads\/2020\/08\/20191217_150659-scaled.jpg 2560w, https:\/\/www.konstruktiverunfug.ch\/wp-content\/uploads\/2020\/08\/20191217_150659-300x225.jpg 300w, https:\/\/www.konstruktiverunfug.ch\/wp-content\/uploads\/2020\/08\/20191217_150659-1024x768.jpg 1024w, https:\/\/www.konstruktiverunfug.ch\/wp-content\/uploads\/2020\/08\/20191217_150659-768x576.jpg 768w, https:\/\/www.konstruktiverunfug.ch\/wp-content\/uploads\/2020\/08\/20191217_150659-1536x1152.jpg 1536w, https:\/\/www.konstruktiverunfug.ch\/wp-content\/uploads\/2020\/08\/20191217_150659-2048x1536.jpg 2048w\" sizes=\"(max-width: 2560px) 100vw, 2560px\" \/>\t\t<\/li>\n\t\t\t\t<li class=\"sow-slider-image  sow-slider-image-cover\" style=\"visibility: hidden;;background-image: url(https:\/\/www.konstruktiverunfug.ch\/wp-content\/uploads\/2020\/09\/neu2.jpg)\" >\n\t\t\t\t\t\t<img width=\"1920\" height=\"1080\" src=\"https:\/\/www.konstruktiverunfug.ch\/wp-content\/uploads\/2020\/09\/neu2.jpg\" class=\"sow-slider-background-image skip-lazy\" alt=\"\" decoding=\"async\" loading=\"eager\" style=\"\" srcset=\"https:\/\/www.konstruktiverunfug.ch\/wp-content\/uploads\/2020\/09\/neu2.jpg 1920w, https:\/\/www.konstruktiverunfug.ch\/wp-content\/uploads\/2020\/09\/neu2-300x169.jpg 300w, https:\/\/www.konstruktiverunfug.ch\/wp-content\/uploads\/2020\/09\/neu2-1024x576.jpg 1024w, https:\/\/www.konstruktiverunfug.ch\/wp-content\/uploads\/2020\/09\/neu2-768x432.jpg 768w, https:\/\/www.konstruktiverunfug.ch\/wp-content\/uploads\/2020\/09\/neu2-1536x864.jpg 1536w\" sizes=\"(max-width: 1920px) 100vw, 1920px\" \/>\t\t<\/li>\n\t\t<\/ul>\t\t\t\t<ol class=\"sow-slider-pagination\">\n\t\t\t\t\t\t\t\t\t\t\t<li><a href=\"#\" data-goto=\"0\" aria-label=\"display slide 1\"><\/a><\/li>\n\t\t\t\t\t\t\t\t\t\t\t<li><a href=\"#\" data-goto=\"1\" aria-label=\"display slide 2\"><\/a><\/li>\n\t\t\t\t\t\t\t\t\t\t\t<li><a href=\"#\" data-goto=\"2\" aria-label=\"display slide 3\"><\/a><\/li>\n\t\t\t\t\t\t\t\t\t<\/ol>\n\n\t\t\t\t<div class=\"sow-slide-nav sow-slide-nav-next\">\n\t\t\t\t\t<a href=\"#\" data-goto=\"next\" aria-label=\"next slide\" data-action=\"next\">\n\t\t\t\t\t\t<em class=\"sow-sld-icon-thin-right\"><\/em>\n\t\t\t\t\t<\/a>\n\t\t\t\t<\/div>\n\n\t\t\t\t<div class=\"sow-slide-nav sow-slide-nav-prev\">\n\t\t\t\t\t<a href=\"#\" data-goto=\"previous\" aria-label=\"previous slide\" data-action=\"prev\">\n\t\t\t\t\t\t<em class=\"sow-sld-icon-thin-left\"><\/em>\n\t\t\t\t\t<\/a>\n\t\t\t\t<\/div>\n\t\t\t\t<\/div><\/div>\n\n\n<p><em>Ein Taxi steht an der grossen Kreuzung beim Dreispitz. Gut erkennbar am gelben Schild mit der entsprechenden Aufschrift. Es leuchtet und wartet auf Kundschaft. Gegen\u00fcber vom Fahrer ist ein zweiter Sitzplatz erkennbar. Bis der besetzt ist, leuchtet das Schild weiter, und der Fahrer liest in seinem Buch. Eigentlich eine allt\u00e4gliche Situation, w\u00e4re das Taxi nicht auf dem B\u00fcrgersteig und das Schild nicht an einem Tisch befestigt. Es wird an diesem Abend seine Funktion erf\u00fcllen, Personen an das gew\u00fcnschte Ziel zu bef\u00f6rdern; es wird aber auch zur Gespr\u00e4chsplattform f\u00fcr neue Arbeitsplatzorganisation, f\u00fcr Gendergerechtigkeit, f\u00fcr Gl\u00fcck; und zum Karussellersatz f\u00fcr Kinder. Es durchbricht den Alltag und findet Schnittstellen zu fast allen anwesenden Personen. Es wird zug\u00e4nglich und schafft N\u00e4he.&nbsp;<\/em><\/p>\n","protected":false},"excerpt":{"rendered":"<p>Ein Taxi steht an der grossen Kreuzung beim Dreispitz. Gut erkennbar am gelben Schild mit der entsprechenden Aufschrift. Es leuchtet und wartet auf Kundschaft. Gegen\u00fcber vom Fahrer ist ein zweiter Sitzplatz erkennbar. Bis der besetzt ist, leuchtet das Schild weiter, und der Fahrer liest in seinem Buch. Eigentlich eine allt\u00e4gliche Situation, w\u00e4re das Taxi nicht [&hellip;]<\/p>\n","protected":false},"author":1,"featured_media":0,"parent":0,"menu_order":0,"comment_status":"closed","ping_status":"closed","template":"","meta":[],"_links":{"self":[{"href":"https:\/\/www.konstruktiverunfug.ch\/index.php?rest_route=\/wp\/v2\/pages\/12"}],"collection":[{"href":"https:\/\/www.konstruktiverunfug.ch\/index.php?rest_route=\/wp\/v2\/pages"}],"about":[{"href":"https:\/\/www.konstruktiverunfug.ch\/index.php?rest_route=\/wp\/v2\/types\/page"}],"author":[{"embeddable":true,"href":"https:\/\/www.konstruktiverunfug.ch\/index.php?rest_route=\/wp\/v2\/users\/1"}],"replies":[{"embeddable":true,"href":"https:\/\/www.konstruktiverunfug.ch\/index.php?rest_route=%2Fwp%2Fv2%2Fcomments&post=12"}],"version-history":[{"count":9,"href":"https:\/\/www.konstruktiverunfug.ch\/index.php?rest_route=\/wp\/v2\/pages\/12\/revisions"}],"predecessor-version":[{"id":129,"href":"https:\/\/www.konstruktiverunfug.ch\/index.php?rest_route=\/wp\/v2\/pages\/12\/revisions\/129"}],"wp:attachment":[{"href":"https:\/\/www.konstruktiverunfug.ch\/index.php?rest_route=%2Fwp%2Fv2%2Fmedia&parent=12"}],"curies":[{"name":"wp","href":"https:\/\/api.w.org\/{rel}","templated":true}]}}